{"id":201,"date":"2025-12-26T22:19:13","date_gmt":"2025-12-26T21:19:13","guid":{"rendered":"https:\/\/kurierpowiatowy.info\/?page_id=201"},"modified":"2025-12-26T22:51:13","modified_gmt":"2025-12-26T21:51:13","slug":"polityka-cookies","status":"publish","type":"page","link":"https:\/\/kurierpowiatowy.info\/?page_id=201","title":{"rendered":"Polityka cookies"},"content":{"rendered":"\n<h2 class=\"wp-block-heading\"><\/h2>\n\n\n\n<h3 class=\"wp-block-heading\"><strong>1. Informacje og\u00f3lne<\/strong><\/h3>\n\n\n\n<p>Niniejsza Polityka cookies okre\u015bla zasady stosowania plik\u00f3w cookies przez portal&nbsp;<strong>kurierpowiatowy.info<\/strong>&nbsp;(dalej: \u201eSerwis\u201d).<\/p>\n\n\n\n<p>Administratorem Serwisu jest:<br><strong>Tech system<\/strong><br>ul. Wawr\u00f3w 42a<br>66-400 Gorz\u00f3w Wlkp.<br>E-mail:&nbsp;biuro@techsystem.org.pl<\/p>\n\n\n\n<p>Pliki cookies s\u0105 wykorzystywane w Serwisie w celu zapewnienia jego prawid\u0142owego dzia\u0142ania, analizowania sposobu korzystania ze strony oraz (je\u017celi stosowane) obs\u0142ugi narz\u0119dzi marketingowych i analitycznych.<\/p>\n\n\n\n<hr class=\"wp-block-separator has-alpha-channel-opacity\"\/>\n\n\n\n<h3 class=\"wp-block-heading\"><strong>2. Czym s\u0105 pliki cookies<\/strong><\/h3>\n\n\n\n<p>Pliki cookies to niewielkie dane tekstowe zapisywane na urz\u0105dzeniu ko\u0144cowym U\u017cytkownika podczas korzystania z Serwisu. S\u0142u\u017c\u0105 do rozpoznania urz\u0105dzenia U\u017cytkownika przy kolejnych wej\u015bciach i u\u0142atwiaj\u0105 funkcjonowanie Serwisu.&nbsp;<a href=\"https:\/\/www.gov.pl\/attachment\/6d8049d2-c64e-4ac9-8e46-3fd732939532?utm_source=chatgpt.com\" target=\"_blank\" rel=\"noreferrer noopener\">Gov.pl<\/a><\/p>\n\n\n\n<hr class=\"wp-block-separator has-alpha-channel-opacity\"\/>\n\n\n\n<h3 class=\"wp-block-heading\"><strong>3. Jakie cookies stosujemy<\/strong><\/h3>\n\n\n\n<h4 class=\"wp-block-heading\"><strong>a) Cookies niezb\u0119dne<\/strong><\/h4>\n\n\n\n<p>Niezb\u0119dne do prawid\u0142owego dzia\u0142ania Serwisu (np. sesji, techniczne). Ich u\u017cywanie nie wymaga zgody U\u017cytkownika.<\/p>\n\n\n\n<h4 class=\"wp-block-heading\"><strong>b) Cookies analityczne\/statystyczne<\/strong><\/h4>\n\n\n\n<p>U\u017cywane do zbierania anonimowych danych o sposobie korzystania z Serwisu (np. ilo\u015b\u0107 odwiedzin, najcz\u0119\u015bciej odwiedzane podstrony, czas sp\u0119dzony w Serwisie).<br>Je\u017celi korzystasz w Serwisie z narz\u0119dzi analitycznych takich jak&nbsp;<strong>Google Analytics<\/strong>&nbsp;(jak cz\u0119sto jest to standard w portalach informacyjnych) \u2013 te narz\u0119dzia r\u00f3wnie\u017c zapisuj\u0105&nbsp;<em>ciasteczka analityczne<\/em>, np.&nbsp;<code>_ga<\/code>,&nbsp;<code>_gid<\/code>, dzi\u0119ki kt\u00f3rym mo\u017cna analizowa\u0107 zachowanie u\u017cytkownik\u00f3w.&nbsp;<a href=\"https:\/\/policies.google.com\/technologies\/cookies?hl=pl&amp;utm_source=chatgpt.com\" target=\"_blank\" rel=\"noreferrer noopener\">Polityki Google<\/a><\/p>\n\n\n\n<blockquote class=\"wp-block-quote is-layout-flow wp-block-quote-is-layout-flow\">\n<p>\u26a0\ufe0f Pliki analityczne s\u0105 zapisywane&nbsp;<strong>dopiero po wyra\u017ceniu zgody<\/strong>&nbsp;przez u\u017cytkownika \u2013 przez baner cookies.<\/p>\n<\/blockquote>\n\n\n\n<h4 class=\"wp-block-heading\"><strong>c) Cookies funkcjonalne<\/strong><\/h4>\n\n\n\n<p>S\u0142u\u017c\u0105 zapami\u0119tywaniu preferencji u\u017cytkownika (np. wyboru j\u0119zyka, ustawie\u0144 banera cookies) \u2013 tylko je\u015bli u\u017cytkownik wyrazi\u0142 zgod\u0119.<\/p>\n\n\n\n<h4 class=\"wp-block-heading\"><strong>d) Cookies marketingowe (je\u015bli obecne)<\/strong><\/h4>\n\n\n\n<p>S\u0142u\u017c\u0105 do personalizacji reklam i mog\u0105 by\u0107 umieszczane przez zewn\u0119trzne systemy reklamowe (np. Google Ads, Facebook Pixel). Zapis plik\u00f3w i ich dzia\u0142anie uwarunkowane s\u0105 zgod\u0105 u\u017cytkownika.<\/p>\n\n\n\n<hr class=\"wp-block-separator has-alpha-channel-opacity\"\/>\n\n\n\n<h3 class=\"wp-block-heading\"><strong>4. Zgoda na cookies<\/strong><\/h3>\n\n\n\n<p>Podczas pierwszej wizyty w Serwisie U\u017cytkownikowi wy\u015bwietlany jest&nbsp;<strong>baner zgody cookies<\/strong>&nbsp;daj\u0105cy mo\u017cliwo\u015b\u0107:<br>\u2705 akceptacji wszystkich cookies,<br>\u2705 odrzucenia nie-niezb\u0119dnych cookies,<br>\u2705 wyboru konkretnych kategorii plik\u00f3w cookies.<\/p>\n\n\n\n<p>Dalsze korzystanie z Serwisu bez zmiany ustawie\u0144 oznacza kontynuowanie ustawie\u0144 zaakceptowanych uprzednio lub w banerze.<\/p>\n\n\n\n<hr class=\"wp-block-separator has-alpha-channel-opacity\"\/>\n\n\n\n<h3 class=\"wp-block-heading\"><strong>5. Zarz\u0105dzanie plikami cookies w przegl\u0105darce<\/strong><\/h3>\n\n\n\n<p>U\u017cytkownik mo\u017ce w ka\u017cdej chwili zmieni\u0107 ustawienia plik\u00f3w cookies w swojej przegl\u0105darce (np. blokowa\u0107 lub usuwa\u0107 cookies). Wi\u0119cej na ten temat mo\u017cna znale\u017a\u0107 w pomocy przegl\u0105darki lub dokumentacji dostarczanej przez producenta.<\/p>\n\n\n\n<hr class=\"wp-block-separator has-alpha-channel-opacity\"\/>\n\n\n\n<h3 class=\"wp-block-heading\"><strong>6. Podmioty trzecie<\/strong><\/h3>\n\n\n\n<p>Niekt\u00f3re elementy Serwisu (np. osadzone filmy, tre\u015bci spo\u0142eczno\u015bciowe, narz\u0119dzia analityczne) mog\u0105 wykorzystywa\u0107 cookies podmiot\u00f3w trzecich. U\u017cytkownik decyduje, czy wyra\u017ca na to zgod\u0119 poprzez mechanizm zarz\u0105dzania zgodami (baner cookies) i ustawienia wtyczki. Pliki te podlegaj\u0105 politykom prywatno\u015bci podmiot\u00f3w zewn\u0119trznych.<\/p>\n\n\n\n<hr class=\"wp-block-separator has-alpha-channel-opacity\"\/>\n\n\n\n<h3 class=\"wp-block-heading\"><strong>7. Czas przechowywania cookies<\/strong><\/h3>\n\n\n\n<p>Czas przechowywania plik\u00f3w cookies zale\u017cy od ich rodzaju:<\/p>\n\n\n\n<ul class=\"wp-block-list\">\n<li><strong>sesyjne<\/strong>&nbsp;\u2013 usuwane po zamkni\u0119ciu przegl\u0105darki,<\/li>\n\n\n\n<li><strong>sta\u0142e<\/strong>&nbsp;\u2013 przechowywane przez okre\u015blony czas lub do r\u0119cznego usuni\u0119cia przez u\u017cytkownika.<\/li>\n<\/ul>\n\n\n\n<hr class=\"wp-block-separator has-alpha-channel-opacity\"\/>\n\n\n\n<h3 class=\"wp-block-heading\"><strong>8. Zmiany w Polityce cookies<\/strong><\/h3>\n\n\n\n<p>Administrator zastrzega sobie prawo do wprowadzania zmian w Polityce cookies. Aktualna wersja dokumentu zawsze dost\u0119pna jest na stronie Serwisu.<\/p>\n","protected":false},"excerpt":{"rendered":"<p>1. Informacje og\u00f3lne Niniejsza Polityka cookies okre\u015bla zasady stosowania plik\u00f3w cookies przez portal&nbsp;kurierpowiatowy.info&nbsp;(dalej: \u201eSerwis\u201d). Administratorem&#8230;<\/p>\n","protected":false},"author":1,"featured_media":0,"parent":0,"menu_order":0,"comment_status":"closed","ping_status":"closed","template":"","meta":{"footnotes":""},"class_list":["post-201","page","type-page","status-publish","hentry"],"_links":{"self":[{"href":"https:\/\/kurierpowiatowy.info\/index.php?rest_route=\/wp\/v2\/pages\/201","targetHints":{"allow":["GET"]}}],"collection":[{"href":"https:\/\/kurierpowiatowy.info\/index.php?rest_route=\/wp\/v2\/pages"}],"about":[{"href":"https:\/\/kurierpowiatowy.info\/index.php?rest_route=\/wp\/v2\/types\/page"}],"author":[{"embeddable":true,"href":"https:\/\/kurierpowiatowy.info\/index.php?rest_route=\/wp\/v2\/users\/1"}],"replies":[{"embeddable":true,"href":"https:\/\/kurierpowiatowy.info\/index.php?rest_route=%2Fwp%2Fv2%2Fcomments&post=201"}],"version-history":[{"count":2,"href":"https:\/\/kurierpowiatowy.info\/index.php?rest_route=\/wp\/v2\/pages\/201\/revisions"}],"predecessor-version":[{"id":213,"href":"https:\/\/kurierpowiatowy.info\/index.php?rest_route=\/wp\/v2\/pages\/201\/revisions\/213"}],"wp:attachment":[{"href":"https:\/\/kurierpowiatowy.info\/index.php?rest_route=%2Fwp%2Fv2%2Fmedia&parent=201"}],"curies":[{"name":"wp","href":"https:\/\/api.w.org\/{rel}","templated":true}]}}